{"id":23,"date":"2023-03-25T17:14:27","date_gmt":"2023-03-25T17:14:27","guid":{"rendered":"https:\/\/bocaduva.com\/home\/"},"modified":"2025-11-05T17:39:35","modified_gmt":"2025-11-05T17:39:35","slug":"menu","status":"publish","type":"page","link":"https:\/\/bocaduva.com\/en\/menu\/","title":{"rendered":"MENU"},"content":{"rendered":"<div class=\"wp-block-columns is-layout-flex wp-container-core-columns-is-layout-28f84493 wp-block-columns-is-layout-flex\">\n<div class=\"wp-block-column is-vertically-aligned-center is-layout-flow wp-block-column-is-layout-flow\">\n<p class=\"has-text-align-center\"><strong>Entradas <em>\/ Starters<\/em><\/strong><\/p>\n\n\n\n<p class=\"has-text-align-center\">Croquete \/ <em>Croquette<\/em> 7<br>Salada de Polvo \/ <em>Octopus Salad<\/em> 9<br>Camar\u00e3o \u00e0 Guilho \/ <em>Shrimp \u201cGuilho\u201d<\/em> Style 11<br>Pica Pau \/ &#8220;Pica Pau&#8221; 11<\/p>\n\n\n\n<p class=\"has-text-align-center\">Bochecha de Porco \/ Pork Cheeks on Toast 12 <br>T\u00e1rtaro de Novilho \/ <em>Beef Tartare <\/em>17<br>     Hokkaido com Cuscuz \/ Hokkaido with Cuscuz (v) 10<\/p>\n\n\n\n<p class=\"has-text-align-center\"><strong><strong>Peixe <em>\/ Fish<\/em><\/strong><\/strong><\/p>\n\n\n\n<p class=\"has-text-align-center\">Peixe do Dia \/ Fish of the Day 15<br>Polvo \u00e0 Lagareiro \/ Octopus &#8220;Lagareiro&#8221; Style 16<br>Bacalhau \u00e0 Gomes de S\u00e1 \/<em> <\/em>Codfish &#8220;Gomes de S\u00e1&#8221; 17<\/p>\n\n\n\n<p class=\"has-text-align-center\"><strong><strong>Carne <em>\/ Meat<\/em><\/strong><\/strong><\/p>\n\n\n\n<p class=\"has-text-align-center\">Frango \u00e0 Boca <em>\/ Chef\u00b4s Chicken<\/em> 15<br>Roj\u00f5es com Migas Espargos <em>\/ <\/em> Pork with Asparagus &#8220;Migas&#8221; 16<br>Ossobuco com Polenta <em>\/ <em>Ossobuco with Polenta<\/em><\/em> 18<\/p>\n\n\n\n<p class=\"has-text-align-center\"><strong>Vegan<\/strong><\/p>\n\n\n\n<p class=\"has-text-align-center\">Tartaro de Beterraba <em>\/ Beetroot Tartare<\/em> 13<br>Br\u00e1s de Legumes <em>\/ <\/em> Vegan &#8220;Br\u00e1s&#8221; 13<\/p>\n\n\n\n<p class=\"has-text-align-center\"><strong><strong>Extras <em>\/ Sides<\/em><\/strong><\/strong><\/p>\n\n\n\n<p class=\"has-text-align-center\">Arroz Branco <em>\/ White Rice<\/em> 4<br>Chips Batata Doce <em>\/ Sweet Potato Chips<\/em> 4<br>Chips 4<\/p>\n\n\n\n<p class=\"has-text-align-center\"><strong><strong>Sobremesas <em>\/ Deserts<\/em><\/strong><\/strong><\/p>\n\n\n\n<p class=\"has-text-align-center\">Arroz Doce \/ Sweet Rice 5<br>Mousse de Chocolate <em>\/  Chocolate Mousse <\/em>5<br>Falsa Tarte de Ma\u00e7a <em>\/ <\/em> Fake Apple Pie 5<\/p>\n<\/div>\n<\/div>\n\n\n\n<div style=\"height:100px\" aria-hidden=\"true\" class=\"wp-block-spacer\"><\/div>\n\n\n\n<div class=\"wp-block-group alignfull has-background is-layout-flow wp-block-group-is-layout-flow\" style=\"background-color:#f2f0e9\">\n<div style=\"height:70px\" aria-hidden=\"true\" class=\"wp-block-spacer\"><\/div>\n\n\n\n<div class=\"wp-block-columns alignwide are-vertically-aligned-center is-layout-flex wp-container-core-columns-is-layout-28f84493 wp-block-columns-is-layout-flex\">\n<div class=\"wp-block-column is-layout-flow wp-block-column-is-layout-flow\" style=\"flex-basis:50%\">\n<p class=\"has-text-color\" style=\"color:#000000;font-size:30px;line-height:1.1\">A nossa inspira\u00e7\u00e3o <strong>Our Inspiration<\/strong><\/p>\n<\/div>\n\n\n\n<div class=\"wp-block-column is-layout-flow wp-block-column-is-layout-flow\" style=\"flex-basis:50%\">\n<hr class=\"wp-block-separator has-text-color has-css-opacity has-background is-style-wide\" style=\"background-color:#000000;color:#000000\"\/>\n<\/div>\n<\/div>\n\n\n\n<div class=\"wp-block-columns alignwide is-layout-flex wp-container-core-columns-is-layout-28f84493 wp-block-columns-is-layout-flex\">\n<div class=\"wp-block-column is-layout-flow wp-block-column-is-layout-flow\"><\/div>\n\n\n\n<div class=\"wp-block-column is-layout-flow wp-block-column-is-layout-flow\">\n<p class=\"has-base-color has-text-color\">A nossa carta de Restaurante foi inspirada na cozinha tradicional portuguesa, tendo como base as nossas receitas mais tradicionais elevadas a um novo patamar com a inclus\u00e3o de t\u00e9cnicas de confe\u00e7\u00e3o e empratamento modernas, pela m\u00e3os dos nossos talentosos Chefs.<\/p>\n\n\n\n<p class=\"has-base-color has-text-color\">This is our way of conveying to you our unconditional love for our gastronomy and our paradise by the sea.<\/p>\n<\/div>\n\n\n\n<div class=\"wp-block-column is-layout-flow wp-block-column-is-layout-flow\">\n<p class=\"has-base-color has-text-color\"><em>Our Restaurant menu was inspired by traditional Portuguese cuisine, based on our most traditional recipes raised to a new level with the inclusion of modern cooking and preparation techniques, by the hand of our talented Chefs.<br><\/em><\/p>\n\n\n\n<p class=\"has-base-color has-text-color\"><em>This is our way of transmitting you our unconditional love for<br>our gastronomy and our paradise on the edge of the sea.<\/em><\/p>\n<\/div>\n<\/div>\n\n\n\n<div style=\"height:40px\" aria-hidden=\"true\" class=\"wp-block-spacer\"><\/div>\n<\/div>\n\n\n\n<p><\/p>","protected":false},"excerpt":{"rendered":"<p> [&hellip;]<\/p>\n","protected":false},"author":1,"featured_media":0,"parent":0,"menu_order":0,"comment_status":"closed","ping_status":"closed","template":"","meta":{"slim_seo":{"title":"MENU - Boca D&#039;Uva","description":"Entradas \/ Starters Croquete \/ Croquette 7 Salada de Polvo \/ Octopus Salad 9 Camar\u00e3o \u00e0 Guilho \/ Shrimp \u201cGuilho\u201d Style 11 Pica Pau \/ \"Pica Pau\" 11 Bochecha de Po"},"footnotes":""},"class_list":["post-23","page","type-page","status-publish","hentry"],"_links":{"self":[{"href":"https:\/\/bocaduva.com\/en\/wp-json\/wp\/v2\/pages\/23","targetHints":{"allow":["GET"]}}],"collection":[{"href":"https:\/\/bocaduva.com\/en\/wp-json\/wp\/v2\/pages"}],"about":[{"href":"https:\/\/bocaduva.com\/en\/wp-json\/wp\/v2\/types\/page"}],"author":[{"embeddable":true,"href":"https:\/\/bocaduva.com\/en\/wp-json\/wp\/v2\/users\/1"}],"replies":[{"embeddable":true,"href":"https:\/\/bocaduva.com\/en\/wp-json\/wp\/v2\/comments?post=23"}],"version-history":[{"count":10,"href":"https:\/\/bocaduva.com\/en\/wp-json\/wp\/v2\/pages\/23\/revisions"}],"predecessor-version":[{"id":613,"href":"https:\/\/bocaduva.com\/en\/wp-json\/wp\/v2\/pages\/23\/revisions\/613"}],"wp:attachment":[{"href":"https:\/\/bocaduva.com\/en\/wp-json\/wp\/v2\/media?parent=23"}],"curies":[{"name":"wp","href":"https:\/\/api.w.org\/{rel}","templated":true}]}}