{"id":25,"date":"2023-08-02T19:50:50","date_gmt":"2023-08-02T19:50:50","guid":{"rendered":"https:\/\/bocaduva.com\/about\/"},"modified":"2026-04-07T17:03:42","modified_gmt":"2026-04-07T16:03:42","slug":"about","status":"publish","type":"page","link":"https:\/\/bocaduva.com\/en\/","title":{"rendered":"BOCA D&#8217;UVA"},"content":{"rendered":"<div class=\"wp-block-stackable-columns stk-block-columns stk-block stk-cda0d71\" data-block-id=\"cda0d71\"><style>.stk-cda0d71 {margin-bottom:100px !important;}<\/style><div class=\"stk-row stk-inner-blocks stk-block-content stk-content-align stk-cda0d71-column\">\n<div class=\"wp-block-stackable-column stk-block-column stk-column stk-block stk-29a3167\" data-v=\"4\" data-block-id=\"29a3167\"><div class=\"stk-column-wrapper stk-block-column__content stk-container stk-29a3167-container stk--no-background stk--no-padding\"><div class=\"stk-block-content stk-inner-blocks stk-29a3167-inner-blocks\">\n<p><\/p>\n\n\n\n<div class=\"wp-block-stackable-text stk-block-text stk-block stk-2a9b475\" data-block-id=\"2a9b475\"><style>.stk-2a9b475 {margin-bottom:25px !important;}.stk-2a9b475 .stk-block-text__text{font-size:1.6rem !important;line-height:1.4em !important;}@media screen and (max-width: 1023px){.stk-2a9b475 .stk-block-text__text{font-size:1.6rem !important;}}<\/style><p class=\"stk-block-text__text has-text-align-center\"><\/p><\/div>\n\n\n\n<div class=\"wp-block-stackable-text stk-block-text stk-block stk-c93c991\" data-block-id=\"c93c991\"><style>.stk-c93c991 {margin-bottom:25px !important;}.stk-c93c991 .stk-block-text__text{font-size:1.6rem !important;line-height:1.4em !important;}@media screen and (max-width: 1023px){.stk-c93c991 .stk-block-text__text{font-size:1.6rem !important;}}<\/style><p class=\"stk-block-text__text has-text-align-center\"><strong>Restaurante de cozinha de autor assente nas nossas mais tradicionais receitas Portuguesas onde a nossa paix\u00e3o pela gastronomia e o vinho se aliam numa experi\u00eancia inesquec\u00edvel.<\/strong><\/p><\/div>\n\n\n\n<div class=\"wp-block-stackable-text stk-block-text stk-block stk-7a7e65b\" data-block-id=\"7a7e65b\"><style>.stk-7a7e65b {margin-bottom:50px !important;}<\/style><p class=\"stk-block-text__text has-text-align-center\"><em>A signature cuisine restaurant based on our most traditional Portuguese recipes, where our passion for gastronomy and wine combine to create an unforgettable experience.<\/em><\/p><\/div>\n\n\n\n<div class=\"wp-block-stackable-button-group stk-block-button-group stk-block stk-f43f5d5\" data-block-id=\"f43f5d5\"><style>.stk-f43f5d5 {margin-bottom:0px !important;}<\/style><div class=\"stk-row stk-inner-blocks has-text-align-center stk-block-content stk-button-group\">\n<div class=\"wp-block-stackable-button stk-block-button stk-block stk-ba72f2d\" data-block-id=\"ba72f2d\"><style>.stk-ba72f2d {border-top-left-radius:5px !important;border-top-right-radius:5px !important;border-bottom-right-radius:5px !important;border-bottom-left-radius:5px !important;overflow:hidden !important;}.stk-ba72f2d .stk-button{padding-top:20px !important;padding-right:40px !important;padding-bottom:20px !important;padding-left:40px !important;background:#87181d !important;}.stk-ba72f2d .stk-button__inner-text{font-size:1rem !important;}@media screen and (max-width: 1023px){.stk-ba72f2d .stk-button__inner-text{font-size:1rem !important;}}<\/style><a class=\"stk-link stk-button stk--hover-effect-darken\" href=\"https:\/\/bocaduva.com\/en\/reservas\/\" title=\"Reservar mesa\"><span class=\"stk-button__inner-text\"><strong>RESERVAR MESA<\/strong><\/span><\/a><\/div>\n<\/div><\/div>\n<\/div><\/div><\/div>\n<\/div><\/div>\n\n\n\n<div class=\"wp-block-cover alignfull\" style=\"margin-top:0;padding-top:6vw;padding-right:6vw;padding-bottom:6vw;padding-left:6vw;min-height:538px;aspect-ratio:unset;\"><img loading=\"lazy\" decoding=\"async\" width=\"768\" height=\"1024\" class=\"wp-block-cover__image-background wp-image-619 size-large\" alt=\"IMG\" src=\"https:\/\/bocaduva.com\/wp-content\/uploads\/2025\/12\/IMG_0411-1-768x1024.jpg\" data-object-fit=\"cover\" srcset=\"https:\/\/bocaduva.com\/wp-content\/uploads\/2025\/12\/IMG_0411-1-768x1024.jpg 768w, https:\/\/bocaduva.com\/wp-content\/uploads\/2025\/12\/IMG_0411-1-225x300.jpg 225w, https:\/\/bocaduva.com\/wp-content\/uploads\/2025\/12\/IMG_0411-1-1152x1536.jpg 1152w, https:\/\/bocaduva.com\/wp-content\/uploads\/2025\/12\/IMG_0411-1-1536x2048.jpg 1536w, https:\/\/bocaduva.com\/wp-content\/uploads\/2025\/12\/IMG_0411-1-9x12.jpg 9w, https:\/\/bocaduva.com\/wp-content\/uploads\/2025\/12\/IMG_0411-1-scaled.jpg 1920w\" sizes=\"auto, (max-width: 768px) 100vw, 768px\" \/><span aria-hidden=\"true\" class=\"wp-block-cover__background has-background-dim\" style=\"background-color:#eb4c77\"><\/span><div class=\"wp-block-cover__inner-container is-layout-flow wp-block-cover-is-layout-flow\">\n<div class=\"wp-block-group is-content-justification-center is-layout-flex wp-container-core-group-is-layout-82565499 wp-block-group-is-layout-flex\">\n<div class=\"wp-block-group alignwide wp-container-content-ceb7f5b3 has-global-padding is-content-justification-center is-layout-constrained wp-container-core-group-is-layout-8b557b78 wp-block-group-is-layout-constrained\">\n<h2 class=\"wp-block-heading alignwide has-text-align-center has-contrast-color has-text-color\" style=\"font-size:100px;font-style:normal;font-weight:500;line-height:0.9;text-transform:none\">Conhe\u00e7a os nossos pratos e vinhos<\/h2>\n\n\n\n<div style=\"height:24px\" aria-hidden=\"true\" class=\"wp-block-spacer\"><\/div>\n\n\n\n<p class=\"has-text-align-center has-contrast-color has-text-color\">Come explore our selection of delightful dishes and superb wines<\/p>\n\n\n\n<div style=\"height:60px\" aria-hidden=\"true\" class=\"wp-block-spacer\"><\/div>\n<\/div>\n\n\n\n<div class=\"wp-block-group is-content-justification-right is-nowrap is-layout-flex wp-container-core-group-is-layout-59a2d94b wp-block-group-is-layout-flex\">\n<div class=\"wp-block-group wp-container-content-0733e5d0 is-layout-flow wp-block-group-is-layout-flow\">\n<div style=\"height:8vw\" aria-hidden=\"true\" class=\"wp-block-spacer\"><\/div>\n<\/div>\n<\/div>\n<\/div>\n<\/div><\/div>","protected":false},"excerpt":{"rendered":"<p> [&hellip;]<\/p>\n","protected":false},"author":1,"featured_media":0,"parent":0,"menu_order":0,"comment_status":"closed","ping_status":"closed","template":"","meta":{"slim_seo":{"title":"Boca D&#039;Uva - Restaurant &amp; Wine Bar","description":"Restaurante de cozinha de autor assente nas nossas mais tradicionais receitas Portuguesas onde a nossa paix\u00e3o pela gastronomia e o vinho se aliam numa experi\u00eanc"},"footnotes":""},"class_list":["post-25","page","type-page","status-publish","hentry"],"_links":{"self":[{"href":"https:\/\/bocaduva.com\/en\/wp-json\/wp\/v2\/pages\/25","targetHints":{"allow":["GET"]}}],"collection":[{"href":"https:\/\/bocaduva.com\/en\/wp-json\/wp\/v2\/pages"}],"about":[{"href":"https:\/\/bocaduva.com\/en\/wp-json\/wp\/v2\/types\/page"}],"author":[{"embeddable":true,"href":"https:\/\/bocaduva.com\/en\/wp-json\/wp\/v2\/users\/1"}],"replies":[{"embeddable":true,"href":"https:\/\/bocaduva.com\/en\/wp-json\/wp\/v2\/comments?post=25"}],"version-history":[{"count":16,"href":"https:\/\/bocaduva.com\/en\/wp-json\/wp\/v2\/pages\/25\/revisions"}],"predecessor-version":[{"id":677,"href":"https:\/\/bocaduva.com\/en\/wp-json\/wp\/v2\/pages\/25\/revisions\/677"}],"wp:attachment":[{"href":"https:\/\/bocaduva.com\/en\/wp-json\/wp\/v2\/media?parent=25"}],"curies":[{"name":"wp","href":"https:\/\/api.w.org\/{rel}","templated":true}]}}