{"id":484,"date":"2024-10-03T17:12:15","date_gmt":"2024-10-03T16:12:15","guid":{"rendered":"https:\/\/bocaduva.com\/?page_id=484"},"modified":"2024-10-03T17:23:28","modified_gmt":"2024-10-03T16:23:28","slug":"politica-de-privacidade","status":"publish","type":"page","link":"https:\/\/bocaduva.com\/en\/politica-de-privacidade\/","title":{"rendered":"Pol\u00edtica de privacidade"},"content":{"rendered":"<div class=\"wp-block-stackable-heading stk-block-heading stk-block-heading--v2 stk-block stk-00c2a55\" id=\"responsavel-pelo-tratamento\" data-block-id=\"00c2a55\"><h4 class=\"stk-block-heading__text\">Respons\u00e1vel pelo tratamento<\/h4><\/div>\n\n\n\n<div class=\"wp-block-stackable-text stk-block-text stk-block stk-55c5c44\" data-block-id=\"55c5c44\"><style>.stk-55c5c44 {margin-bottom:0px !important;}<\/style><p class=\"stk-block-text__text\">A identidade da pessoa respons\u00e1vel pelo tratamento deste Website \u00e9 a <strong>REBELDIBOEMIO, LDA (BOCA D\u2019UVA)<\/strong>, Sociedade por Quotas, com sede em R Das Farinhas, 42, 1100-237 Lisboa, registada na Conservat\u00f3ria do Registo Comercial Lisboa sob o n\u00famero de pessoa coletiva 517117851, com o contacto de email <a href=\"mailto:info@bocaduva.com\">info@bocaduva.com<\/a>.<\/p><\/div>\n\n\n\n<div class=\"wp-block-stackable-spacer stk-block-spacer stk--no-padding stk-block stk-f3b2f0e\" data-block-id=\"f3b2f0e\"><\/div>\n\n\n\n<div class=\"wp-block-stackable-heading stk-block-heading stk-block-heading--v2 stk-block stk-2f636c4\" id=\"contacto-do-encarregado-da-protecao-de-dados\" data-block-id=\"2f636c4\"><h4 class=\"stk-block-heading__text\">contacto do encarregado da prote\u00e7\u00e3o de dados<\/h4><\/div>\n\n\n\n<div class=\"wp-block-stackable-text stk-block-text stk-block stk-c6a3610\" data-block-id=\"c6a3610\"><style>.stk-c6a3610 {margin-bottom:0px !important;}<\/style><p class=\"stk-block-text__text\">Em caso de necessidade poder\u00e3o entrar em contacto para o email <a href=\"mailto:info@bocaduva.com\">info@bocaduva.com<\/a>.<\/p><\/div>\n\n\n\n<div class=\"wp-block-stackable-spacer stk-block-spacer stk--no-padding stk-block stk-bd22fc1\" data-block-id=\"bd22fc1\"><\/div>\n\n\n\n<div class=\"wp-block-stackable-heading stk-block-heading stk-block-heading--v2 stk-block stk-aad6bef\" id=\"dados-recolhidos-e-tratados\" data-block-id=\"aad6bef\"><h4 class=\"stk-block-heading__text\">dados recolhidos e tratados<\/h4><\/div>\n\n\n\n<div class=\"wp-block-stackable-text stk-block-text stk-block stk-16a6660\" data-block-id=\"16a6660\"><style>.stk-16a6660 {margin-bottom:0px !important;}<\/style><p class=\"stk-block-text__text\">Os dados pessoais recolhidos no formul\u00e1rio de contacto s\u00e3o: nome, sobrenome, email e telem\u00f3vel. A <strong>REBELDIBOEMIO, LDA (BOCA D\u2019UVA)<\/strong>, respeita a privacidade de todos os utilizadores do seu Website e compromete-se a proteger as informa\u00e7\u00f5es pessoais que cada utilizador decidir partilhar. Algumas sec\u00e7\u00f5es e\/ou funcionalidades deste Website podem ser navegadas sem recurso a divulga\u00e7\u00e3o de qualquer informa\u00e7\u00e3o pessoal por parte do utilizador.<\/p><\/div>\n\n\n\n<p>A <strong>REBELDIBOEMIO, LDA (BOCA D\u2019UVA)<\/strong>, trata os dados pessoais com base nos seguintes princ\u00edpios:<\/p>\n\n\n\n<ul class=\"wp-block-list\">\n<li>O tratamento de dados pessoais \u00e9 efetuado de forma l\u00edcita, leal e transparente;<\/li>\n\n\n\n<li>A respetiva recolha \u00e9 efetuada apenas para finalidades devidamente determinadas, expl\u00edcitas e leg\u00edtimas, de acordo com a legisla\u00e7\u00e3o aplic\u00e1vel;<\/li>\n\n\n\n<li>Os dados recolhidos s\u00e3o limitados ao estritamente imprescind\u00edvel e pelo tempo necess\u00e1rio para as finalidades para que s\u00e3o tratados;<\/li>\n\n\n\n<li>Apenas t\u00eam acesso aos dados pessoais tratados os trabalhadores, colaboradores e parceiros da <strong>REBELDIBOEMIO, LDA (BOCA D\u2019UVA)<\/strong>, cujas fun\u00e7\u00f5es assim exijam;<\/li>\n\n\n\n<li>Os dados pessoais s\u00e3o tratados de forma confidencial.<\/li>\n<\/ul>\n\n\n\n<div class=\"wp-block-stackable-spacer stk-block-spacer stk--no-padding stk-block stk-badc07c\" data-block-id=\"badc07c\"><\/div>\n\n\n\n<div class=\"wp-block-stackable-heading stk-block-heading stk-block-heading--v2 stk-block stk-1dc3f6b\" id=\"medidas-de-seg\" data-block-id=\"1dc3f6b\"><h4 class=\"stk-block-heading__text\">medidas de seguran\u00e7a<\/h4><\/div>\n\n\n\n<div class=\"wp-block-stackable-text stk-block-text stk-block stk-e6789b2\" data-block-id=\"e6789b2\"><p class=\"stk-block-text__text\">Quando necess\u00e1ria a recolha de informa\u00e7\u00e3o pessoal para disponibilizar servi\u00e7os\/produtos ou quando cada utilizador decidir fornecer alguns dos seus dados pessoais, a utiliza\u00e7\u00e3o daquela informa\u00e7\u00e3o e daqueles dados ser\u00e1 efetuada no cumprimento da legisla\u00e7\u00e3o aplic\u00e1vel sobre prote\u00e7\u00e3o de dados pessoais &#8211; Lei 67\/98 de 26 de Outubro, Lei de Prote\u00e7\u00e3o de Dados &#8211; de forma a ser assegurada a confidencialidade e seguran\u00e7a dos dados pessoais fornecidos. A entidade respons\u00e1vel pela recolha e tratamento de dados pessoais \u00e9 a <strong>REBELDIBOEMIO, LDA (BOCA D\u2019UVA)<\/strong>.<\/p><\/div>\n\n\n\n<div class=\"wp-block-stackable-text stk-block-text stk-block stk-6e0b7fc\" data-block-id=\"6e0b7fc\"><style>.stk-6e0b7fc {margin-bottom:0px !important;}<\/style><p class=\"stk-block-text__text\">Os dados partilhados pelos utilizadores estar\u00e3o sujeitos a tratamento inform\u00e1tico e constar\u00e3o na(s) base(s) de dados das empresas em rela\u00e7\u00e3o de simples participa\u00e7\u00e3o ou de dom\u00ednio pela <strong>REBELDIBOEMIO, LDA (BOCA D\u2019UVA)<\/strong>.<\/p><\/div>\n\n\n\n<div class=\"wp-block-stackable-spacer stk-block-spacer stk--no-padding stk-block stk-29b9c82\" data-block-id=\"29b9c82\"><\/div>\n\n\n\n<div class=\"wp-block-stackable-heading stk-block-heading stk-block-heading--v2 stk-block stk-8c182fa\" id=\"medidas-de-seg\" data-block-id=\"8c182fa\"><h4 class=\"stk-block-heading__text\">ENTIDADES SUBCONTRATADAS PELA REBELDIBOEMIO, LDA (BOCA D\u2019UVA)<\/h4><\/div>\n\n\n\n<div class=\"wp-block-stackable-text stk-block-text stk-block stk-e26a974\" data-block-id=\"e26a974\"><style>.stk-e26a974 {margin-bottom:0px !important;}<\/style><p class=\"stk-block-text__text\">No \u00e2mbito da gest\u00e3o de dados de cliente, os dados pessoais recolhidos poder\u00e3o ser transmitidos a terceiros que sejam companhias de seguros e entidades relacionadas com as mesmas para presta\u00e7\u00e3o de servi\u00e7os ao cliente, tendo como \u00fanica e exclusiva finalidade a realiza\u00e7\u00e3o e execu\u00e7\u00e3o cabal dos servi\u00e7os ou produtos comprados pelo utilizador, titular dos dados pessoais recolhidos.<\/p><\/div>\n\n\n\n<div class=\"wp-block-stackable-spacer stk-block-spacer stk--no-padding stk-block stk-8a2b64c\" data-block-id=\"8a2b64c\"><\/div>\n\n\n\n<div class=\"wp-block-stackable-heading stk-block-heading stk-block-heading--v2 stk-block stk-0aa3754\" id=\"medidas-de-seg\" data-block-id=\"0aa3754\"><h4 class=\"stk-block-heading__text\">FINALIDADES DO TRATAMENTO DOS DADOS PESSOAIS<\/h4><\/div>\n\n\n\n<div class=\"wp-block-stackable-text stk-block-text stk-block stk-1c0eebc\" data-block-id=\"1c0eebc\"><p class=\"stk-block-text__text\">Os dados pessoais recolhidos poder\u00e3o vir a ser transmitidos, para efeitos de marketing direto, designadamente atrav\u00e9s da utiliza\u00e7\u00e3o de aparelhos de chamada autom\u00e1tica, de aparelhos de telec\u00f3pia ou de correio eletr\u00f3nico (newsletters; Inqu\u00e9ritos de opini\u00e3o, com vista \u00e0 melhoria da presta\u00e7\u00e3o dos servi\u00e7os), incluindo SMS, pelas sociedades comerciais participadas direta ou indiretamente pela <strong>REBELDIBOEMIO, LDA (BOCA D\u2019UVA)<\/strong>.<\/p><\/div>\n\n\n\n<div class=\"wp-block-stackable-text stk-block-text stk-block stk-0064bf1\" data-block-id=\"0064bf1\"><p class=\"stk-block-text__text\">Nos termos do disposto no art. 13\u00ba-A da Lei 41\/2004 de 18 de Agosto, aditado pela Lei 46\/2012 de 29 de agosto, se pretender autorizar o tratamento e utiliza\u00e7\u00e3o dos seus dados pessoais para efeitos de Marketing direto, nos termos descritos anteriormente, pela <strong>REBELDIBOEMIO, LDA (BOCA D\u2019UVA)<\/strong>, ou outra sociedade comercial participada direta ou indiretamente pela <strong>REBELDIBOEMIO, LDA (BOCA D\u2019UVA)<\/strong>.<\/p><\/div>\n\n\n\n<div class=\"wp-block-stackable-text stk-block-text stk-block stk-ec23e04\" data-block-id=\"ec23e04\"><style>.stk-ec23e04 {margin-bottom:0px !important;}<\/style><p class=\"stk-block-text__text\">O fornecimento de dados pessoais \u00e9 facultativo e ser\u00e1 sempre garantido, nos termos da lei, o direito de acesso, retifica\u00e7\u00e3o e anula\u00e7\u00e3o de qualquer dado fornecido, podendo aquele direito ser exercido pessoalmente ou por escrito, diretamente para o endere\u00e7o constante na homepage do Website.<\/p><\/div>\n\n\n\n<div class=\"wp-block-stackable-spacer stk-block-spacer stk--no-padding stk-block stk-3f8c33a\" data-block-id=\"3f8c33a\"><\/div>\n\n\n\n<div class=\"wp-block-stackable-heading stk-block-heading stk-block-heading--v2 stk-block stk-0ab3ca7\" id=\"medidas-de-seg\" data-block-id=\"0ab3ca7\"><h4 class=\"stk-block-heading__text\">DIREITOS DOS TITULARES DE DADOS PESSOAIS<\/h4><\/div>\n\n\n\n<div class=\"wp-block-stackable-text stk-block-text stk-block stk-79f5c0b\" data-block-id=\"79f5c0b\"><p class=\"stk-block-text__text\">A <strong>REBELDIBOEMIO, LDA (BOCA D\u2019UVA)<\/strong>, assegura que o titular dos dados possa exercer os direitos que lhe s\u00e3o conferidos pela legisla\u00e7\u00e3o sobre a prote\u00e7\u00e3o de dados, nomeadamente:<\/p><\/div>\n\n\n\n<ul class=\"wp-block-list\">\n<li>Direito de acesso aos dados pessoais (o titular de dados pessoais pode obter confirma\u00e7\u00e3o sobre se os seus dados pessoais s\u00e3o tratados e aceder a informa\u00e7\u00e3o sobre os mesmos);<\/li>\n\n\n\n<li>Direito de retifica\u00e7\u00e3o (o titular de dados pessoais pode solicitar a sua retifica\u00e7\u00e3o ou que os mesmos sejam completados);<\/li>\n\n\n\n<li>Direito ao apagamento (o titular de dados pode requerer que os seus dados pessoais sejam apagados em determinadas situa\u00e7\u00f5es: (i) se os dados pessoais deixarem de ser necess\u00e1rios para a finalidade que motivou a sua recolha ou tratamento, (ii) se o titular retirar o consentimento em que se baseia o tratamento de dados e n\u00e3o exista outro fundamento jur\u00eddico para o mesmo, (iii) se o titular se opuser ao tratamento e n\u00e3o existam interesses leg\u00edtimos prevalecentes, (iv) se os dados pessoais tiverem sido tratados ilicitamente, (v) se os dados pessoais tiverem que ser apagados ao abrigo de uma obriga\u00e7\u00e3o jur\u00eddica ou (vi) se os dados pessoais tiverem sido recolhidos no contexto da oferta de servi\u00e7os\/produtos da sociedade de informa\u00e7\u00e3o);<\/li>\n\n\n\n<li>Direito \u00e0 limita\u00e7\u00e3o do tratamento (o titular de dados pessoais tem o direito a requerer a limita\u00e7\u00e3o do seu tratamento quando (i) conteste a sua exatid\u00e3o e durante um per\u00edodo de tempo que permita verificar a sua exatid\u00e3o, (ii) considere que o tratamento \u00e9 il\u00edcito, (iii) se os dados j\u00e1 n\u00e3o forem necess\u00e1rios para fins de tratamento, mas esses dados forem necess\u00e1rios para efeitos de declara\u00e7\u00e3o, exerc\u00edcio ou defesa de um direito num processo judicial ou (iv) se o titular de dados pessoais tiver apresentado oposi\u00e7\u00e3o ao tratamento e n\u00e3o exista um interesse leg\u00edtimo prevalecente);<\/li>\n\n\n\n<li>Direito \u00e0 portabilidade dos dados (quando o tratamento se baseie no consentimento ou na execu\u00e7\u00e3o de um contrato e seja realizado por meios automatizados, o titular de dados pessoais pode solicitar a entrega, num formato estruturado, de uso corrente e de leitura autom\u00e1tica, dos dados pessoais que lhe digam respeito e que tenha fornecido, bem como pedir que os dados pessoais sejam transmitidos a outro respons\u00e1vel pelo tratamento, desde que tal seja tecnicamente poss\u00edvel);<\/li>\n\n\n\n<li>Direito de oposi\u00e7\u00e3o (o titular de dados pessoais tem o direito de se opor ao tratamento a qualquer momento quando (i) o tratamento se baseie no interesse leg\u00edtimo da pessoa respons\u00e1vel pelo tratamento ou (ii) o tratamento seja realizado para fins diversos daqueles para os quais os dados foram recolhidos);<\/li>\n\n\n\n<li>Direito de n\u00e3o ficar sujeito a decis\u00f5es individuais exclusivamente automatizadas (em determinadas situa\u00e7\u00f5es, o titular de dados pessoais tem o direito de solicitar a interven\u00e7\u00e3o humana quando sejam tomadas decis\u00f5es com base em tratamento exclusivamente automatizado);<\/li>\n\n\n\n<li>Direito a retirar o seu consentimento (o titular dos dados tem o direito de retirar o consentimento que tenha prestado para o tratamento dos seus dados pessoais);<\/li>\n\n\n\n<li>Direito de reclama\u00e7\u00e3o perante a Comiss\u00e3o Nacional de Prote\u00e7\u00e3o de Dados (sobre quaisquer assuntos relacionados com o tratamento dos seus dados pessoais).<\/li>\n\n\n\n<li>Caso pretenda exercer algum dos direitos referidos ou esclarecer quest\u00f5es relacionadas com a prote\u00e7\u00e3o da privacidade e dos dados pessoais pela <strong>REBELDIBOEMIO, LDA (BOCA D\u2019UVA)<\/strong>, podem efetu\u00e1-lo atrav\u00e9s de carta para a R Das Farinhas, 42, 1100-237 Lisboa ou <a href=\"mailto:info@bocaduva.com\">info@bocaduva.com<\/a>.<\/li>\n<\/ul>\n\n\n\n<div class=\"wp-block-stackable-spacer stk-block-spacer stk--no-padding stk-block stk-0a87558\" data-block-id=\"0a87558\"><\/div>","protected":false},"excerpt":{"rendered":"<p> [&hellip;]<\/p>\n","protected":false},"author":1,"featured_media":0,"parent":0,"menu_order":0,"comment_status":"closed","ping_status":"closed","template":"","meta":{"slim_seo":{"title":"Pol\u00edtica de privacidade - Boca D&#039;Uva","description":"Respons\u00e1vel pelo tratamento A identidade da pessoa respons\u00e1vel pelo tratamento deste Website \u00e9 a REBELDIBOEMIO, LDA (BOCA D\u2019UVA) , Sociedade por Quotas, com sed"},"footnotes":""},"class_list":["post-484","page","type-page","status-publish","hentry"],"_links":{"self":[{"href":"https:\/\/bocaduva.com\/en\/wp-json\/wp\/v2\/pages\/484","targetHints":{"allow":["GET"]}}],"collection":[{"href":"https:\/\/bocaduva.com\/en\/wp-json\/wp\/v2\/pages"}],"about":[{"href":"https:\/\/bocaduva.com\/en\/wp-json\/wp\/v2\/types\/page"}],"author":[{"embeddable":true,"href":"https:\/\/bocaduva.com\/en\/wp-json\/wp\/v2\/users\/1"}],"replies":[{"embeddable":true,"href":"https:\/\/bocaduva.com\/en\/wp-json\/wp\/v2\/comments?post=484"}],"version-history":[{"count":5,"href":"https:\/\/bocaduva.com\/en\/wp-json\/wp\/v2\/pages\/484\/revisions"}],"predecessor-version":[{"id":495,"href":"https:\/\/bocaduva.com\/en\/wp-json\/wp\/v2\/pages\/484\/revisions\/495"}],"wp:attachment":[{"href":"https:\/\/bocaduva.com\/en\/wp-json\/wp\/v2\/media?parent=484"}],"curies":[{"name":"wp","href":"https:\/\/api.w.org\/{rel}","templated":true}]}}